{"id":8418,"date":"2024-06-07T15:04:41","date_gmt":"2024-06-07T15:04:41","guid":{"rendered":"https:\/\/dev.senegalsantemobile.org\/?page_id=8418"},"modified":"2024-06-07T15:06:48","modified_gmt":"2024-06-07T15:06:48","slug":"evenements","status":"publish","type":"page","link":"https:\/\/senegalsantemobile.org\/fr\/evenements\/","title":{"rendered":"Ev\u00e8nements"},"content":{"rendered":"\t\t<div data-elementor-type=\"wp-page\" data-elementor-id=\"8418\" class=\"elementor elementor-8418\">\n\t\t\t\t        <section class=\"elementor-section elementor-top-section elementor-element elementor-element-7f41d081 elementor-section-boxed elementor-section-height-default elementor-section-height-default ct-header-fixed-none\" data-id=\"7f41d081\" data-element_type=\"section\" data-e-type=\"section\" data-settings=\"{&quot;background_background&quot;:&quot;classic&quot;}\">\n                            <div class=\"elementor-background-overlay\"><\/div>\n                \n                        <div class=\"elementor-container elementor-column-gap-extended \">\n                    <div class=\"elementor-column elementor-col-25 elementor-top-column elementor-element elementor-element-93b8d37\" data-id=\"93b8d37\" data-element_type=\"column\" data-e-type=\"column\">\n        <div class=\"elementor-widget-wrap elementor-element-populated\">\n                    \n        \t\t<div class=\"elementor-element elementor-element-7f61952 elementor-widget elementor-widget-image\" data-id=\"7f61952\" data-element_type=\"widget\" data-e-type=\"widget\" data-widget_type=\"image.default\">\n\t\t\t\t<div class=\"elementor-widget-container\">\n\t\t\t\t\t\t\t\t\t\t\t\t\t\t\t<img fetchpriority=\"high\" decoding=\"async\" width=\"640\" height=\"640\" src=\"https:\/\/senegalsantemobile.org\/wp-content\/uploads\/2024\/06\/thuesday-giving-1024x1024.jpg\" class=\"attachment-large size-large wp-image-8315\" alt=\"\" srcset=\"https:\/\/senegalsantemobile.org\/wp-content\/uploads\/2024\/06\/thuesday-giving-1024x1024.jpg 1024w, https:\/\/senegalsantemobile.org\/wp-content\/uploads\/2024\/06\/thuesday-giving-300x300.jpg 300w, https:\/\/senegalsantemobile.org\/wp-content\/uploads\/2024\/06\/thuesday-giving-150x150.jpg 150w, https:\/\/senegalsantemobile.org\/wp-content\/uploads\/2024\/06\/thuesday-giving-768x768.jpg 768w, https:\/\/senegalsantemobile.org\/wp-content\/uploads\/2024\/06\/thuesday-giving.jpg 1080w\" sizes=\"(max-width: 640px) 100vw, 640px\" \/>\t\t\t\t\t\t\t\t\t\t\t\t\t\t\t<\/div>\n\t\t\t\t<\/div>\n\t\t            <\/div>\n        <\/div>\n                <div class=\"elementor-column elementor-col-25 elementor-top-column elementor-element elementor-element-b929f90\" data-id=\"b929f90\" data-element_type=\"column\" data-e-type=\"column\">\n        <div class=\"elementor-widget-wrap elementor-element-populated\">\n                    \n        \t\t<div class=\"elementor-element elementor-element-465d893 elementor-widget elementor-widget-image\" data-id=\"465d893\" data-element_type=\"widget\" data-e-type=\"widget\" data-widget_type=\"image.default\">\n\t\t\t\t<div class=\"elementor-widget-container\">\n\t\t\t\t\t\t\t\t\t\t\t\t\t\t\t<img decoding=\"async\" width=\"640\" height=\"640\" src=\"https:\/\/senegalsantemobile.org\/wp-content\/uploads\/2024\/06\/please-join1-fr-1024x1024.jpg\" class=\"attachment-large size-large wp-image-8313\" alt=\"\" srcset=\"https:\/\/senegalsantemobile.org\/wp-content\/uploads\/2024\/06\/please-join1-fr-1024x1024.jpg 1024w, https:\/\/senegalsantemobile.org\/wp-content\/uploads\/2024\/06\/please-join1-fr-300x300.jpg 300w, https:\/\/senegalsantemobile.org\/wp-content\/uploads\/2024\/06\/please-join1-fr-150x150.jpg 150w, https:\/\/senegalsantemobile.org\/wp-content\/uploads\/2024\/06\/please-join1-fr-768x768.jpg 768w, https:\/\/senegalsantemobile.org\/wp-content\/uploads\/2024\/06\/please-join1-fr.jpg 1080w\" sizes=\"(max-width: 640px) 100vw, 640px\" \/>\t\t\t\t\t\t\t\t\t\t\t\t\t\t\t<\/div>\n\t\t\t\t<\/div>\n\t\t            <\/div>\n        <\/div>\n                <div class=\"elementor-column elementor-col-25 elementor-top-column elementor-element elementor-element-c72c179\" data-id=\"c72c179\" data-element_type=\"column\" data-e-type=\"column\">\n        <div class=\"elementor-widget-wrap elementor-element-populated\">\n                    \n        \t\t<div class=\"elementor-element elementor-element-e73ae0d elementor-widget elementor-widget-image\" data-id=\"e73ae0d\" data-element_type=\"widget\" data-e-type=\"widget\" data-widget_type=\"image.default\">\n\t\t\t\t<div class=\"elementor-widget-container\">\n\t\t\t\t\t\t\t\t\t\t\t\t\t\t\t<img decoding=\"async\" width=\"450\" height=\"450\" src=\"https:\/\/senegalsantemobile.org\/wp-content\/uploads\/2024\/06\/image0001.jpg\" class=\"attachment-large size-large wp-image-8311\" alt=\"\" srcset=\"https:\/\/senegalsantemobile.org\/wp-content\/uploads\/2024\/06\/image0001.jpg 450w, https:\/\/senegalsantemobile.org\/wp-content\/uploads\/2024\/06\/image0001-300x300.jpg 300w, https:\/\/senegalsantemobile.org\/wp-content\/uploads\/2024\/06\/image0001-150x150.jpg 150w\" sizes=\"(max-width: 450px) 100vw, 450px\" \/>\t\t\t\t\t\t\t\t\t\t\t\t\t\t\t<\/div>\n\t\t\t\t<\/div>\n\t\t            <\/div>\n        <\/div>\n                <div class=\"elementor-column elementor-col-25 elementor-top-column elementor-element elementor-element-114c7da\" data-id=\"114c7da\" data-element_type=\"column\" data-e-type=\"column\">\n        <div class=\"elementor-widget-wrap elementor-element-populated\">\n                    \n        \t\t<div class=\"elementor-element elementor-element-2715222 elementor-widget elementor-widget-image\" data-id=\"2715222\" data-element_type=\"widget\" data-e-type=\"widget\" data-widget_type=\"image.default\">\n\t\t\t\t<div class=\"elementor-widget-container\">\n\t\t\t\t\t\t\t\t\t\t\t\t\t\t\t<img loading=\"lazy\" decoding=\"async\" width=\"640\" height=\"640\" src=\"https:\/\/senegalsantemobile.org\/wp-content\/uploads\/2024\/06\/Flyer_Fondation_Sante0_Senegal.jpg\" class=\"attachment-large size-large wp-image-8307\" alt=\"\" srcset=\"https:\/\/senegalsantemobile.org\/wp-content\/uploads\/2024\/06\/Flyer_Fondation_Sante0_Senegal.jpg 640w, https:\/\/senegalsantemobile.org\/wp-content\/uploads\/2024\/06\/Flyer_Fondation_Sante0_Senegal-300x300.jpg 300w, https:\/\/senegalsantemobile.org\/wp-content\/uploads\/2024\/06\/Flyer_Fondation_Sante0_Senegal-150x150.jpg 150w\" sizes=\"(max-width: 640px) 100vw, 640px\" \/>\t\t\t\t\t\t\t\t\t\t\t\t\t\t\t<\/div>\n\t\t\t\t<\/div>\n\t\t            <\/div>\n        <\/div>\n                    <\/div>\n        <\/section>\n                <section class=\"elementor-section elementor-top-section elementor-element elementor-element-2be9b07 elementor-section-boxed elementor-section-height-default elementor-section-height-default ct-header-fixed-none\" data-id=\"2be9b07\" data-element_type=\"section\" data-e-type=\"section\" data-settings=\"{&quot;background_background&quot;:&quot;classic&quot;}\">\n                            <div class=\"elementor-background-overlay\"><\/div>\n                \n                        <div class=\"elementor-container elementor-column-gap-extended \">\n                    <div class=\"elementor-column elementor-col-25 elementor-top-column elementor-element elementor-element-1abef51\" data-id=\"1abef51\" data-element_type=\"column\" data-e-type=\"column\">\n        <div class=\"elementor-widget-wrap elementor-element-populated\">\n                    \n        \t\t<div class=\"elementor-element elementor-element-980ae75 elementor-widget elementor-widget-image\" data-id=\"980ae75\" data-element_type=\"widget\" data-e-type=\"widget\" data-widget_type=\"image.default\">\n\t\t\t\t<div class=\"elementor-widget-container\">\n\t\t\t\t\t\t\t\t\t\t\t\t\t\t\t<img loading=\"lazy\" decoding=\"async\" width=\"640\" height=\"640\" src=\"https:\/\/senegalsantemobile.org\/wp-content\/uploads\/2024\/06\/Fondation_Senegal_Sante_Mobile_International-Women-s0-Day-731x1024-1-600x840-1.jpg\" class=\"attachment-large size-large wp-image-8309\" alt=\"\" srcset=\"https:\/\/senegalsantemobile.org\/wp-content\/uploads\/2024\/06\/Fondation_Senegal_Sante_Mobile_International-Women-s0-Day-731x1024-1-600x840-1.jpg 840w, https:\/\/senegalsantemobile.org\/wp-content\/uploads\/2024\/06\/Fondation_Senegal_Sante_Mobile_International-Women-s0-Day-731x1024-1-600x840-1-300x300.jpg 300w, https:\/\/senegalsantemobile.org\/wp-content\/uploads\/2024\/06\/Fondation_Senegal_Sante_Mobile_International-Women-s0-Day-731x1024-1-600x840-1-150x150.jpg 150w, https:\/\/senegalsantemobile.org\/wp-content\/uploads\/2024\/06\/Fondation_Senegal_Sante_Mobile_International-Women-s0-Day-731x1024-1-600x840-1-768x768.jpg 768w\" sizes=\"(max-width: 640px) 100vw, 640px\" \/>\t\t\t\t\t\t\t\t\t\t\t\t\t\t\t<\/div>\n\t\t\t\t<\/div>\n\t\t            <\/div>\n        <\/div>\n                <div class=\"elementor-column elementor-col-25 elementor-top-column elementor-element elementor-element-8e02bc1\" data-id=\"8e02bc1\" data-element_type=\"column\" data-e-type=\"column\">\n        <div class=\"elementor-widget-wrap elementor-element-populated\">\n                    \n                    <\/div>\n        <\/div>\n                <div class=\"elementor-column elementor-col-25 elementor-top-column elementor-element elementor-element-c17941f\" data-id=\"c17941f\" data-element_type=\"column\" data-e-type=\"column\">\n        <div class=\"elementor-widget-wrap elementor-element-populated\">\n                    \n                    <\/div>\n        <\/div>\n                <div class=\"elementor-column elementor-col-25 elementor-top-column elementor-element elementor-element-6024a44\" data-id=\"6024a44\" data-element_type=\"column\" data-e-type=\"column\">\n        <div class=\"elementor-widget-wrap elementor-element-populated\">\n                    \n                    <\/div>\n        <\/div>\n                    <\/div>\n        <\/section>\n                <section class=\"elementor-section elementor-top-section elementor-element elementor-element-3044ad1 elementor-section-stretched elementor-section-boxed elementor-section-height-default elementor-section-height-default ct-header-fixed-none\" data-id=\"3044ad1\" data-element_type=\"section\" data-e-type=\"section\" data-settings=\"{&quot;stretch_section&quot;:&quot;section-stretched&quot;,&quot;background_background&quot;:&quot;classic&quot;}\">\n                            <div class=\"elementor-background-overlay\"><\/div>\n                \n                        <div class=\"elementor-container elementor-column-gap-extended \">\n                    <div class=\"elementor-column elementor-col-100 elementor-top-column elementor-element elementor-element-9fe60ba\" data-id=\"9fe60ba\" data-element_type=\"column\" data-e-type=\"column\">\n        <div class=\"elementor-widget-wrap elementor-element-populated\">\n                    \n        \t\t<div class=\"elementor-element elementor-element-6f03bd8 elementor-widget elementor-widget-heading\" data-id=\"6f03bd8\" data-element_type=\"widget\" data-e-type=\"widget\" data-widget_type=\"heading.default\">\n\t\t\t\t<div class=\"elementor-widget-container\">\n\t\t\t\t\t<h2 class=\"elementor-heading-title elementor-size-default\">DON D'AMBULANCES TRICYCLES \u00c9QUIP\u00c9ES D'UN SYST\u00c8ME DE CONCENTRATEUR D'OXYG\u00c8NE : AVRIL 2024<\/h2>\t\t\t\t<\/div>\n\t\t\t\t<\/div>\n\t\t\t\t<div class=\"elementor-element elementor-element-e3db122 elementor-widget elementor-widget-spacer\" data-id=\"e3db122\" data-element_type=\"widget\" data-e-type=\"widget\" data-widget_type=\"spacer.default\">\n\t\t\t\t<div class=\"elementor-widget-container\">\n\t\t\t\t\t\t\t<div class=\"elementor-spacer\">\n\t\t\t<div class=\"elementor-spacer-inner\"><\/div>\n\t\t<\/div>\n\t\t\t\t\t\t<\/div>\n\t\t\t\t<\/div>\n\t\t        <section class=\"elementor-section elementor-inner-section elementor-element elementor-element-778227f elementor-section-content-middle elementor-section-boxed elementor-section-height-default elementor-section-height-default ct-header-fixed-none\" data-id=\"778227f\" data-element_type=\"section\" data-e-type=\"section\">\n            \n                        <div class=\"elementor-container elementor-column-gap-extended \">\n                    <div class=\"elementor-column elementor-col-50 elementor-inner-column elementor-element elementor-element-1a3f511\" data-id=\"1a3f511\" data-element_type=\"column\" data-e-type=\"column\">\n        <div class=\"elementor-widget-wrap elementor-element-populated\">\n                    \n        \t\t<div class=\"elementor-element elementor-element-53b2c67 elementor-widget elementor-widget-text-editor\" data-id=\"53b2c67\" data-element_type=\"widget\" data-e-type=\"widget\" data-widget_type=\"text-editor.default\">\n\t\t\t\t<div class=\"elementor-widget-container\">\n\t\t\t\t\t\t\t\t\t<h5 class=\"sc_item_title sc_title_title sc_align_center sc_item_title_style_default sc_item_title_tag\" style=\"text-align: center;\"><span style=\"color: #ffffff;\">UN DON \u00c0 LA FONDATION, C\u2019EST UN INVESTISSEMENT POUR L\u2019AVENIR!<\/span><\/h5>\t\t\t\t\t\t\t\t<\/div>\n\t\t\t\t<\/div>\n\t\t\t\t<div class=\"elementor-element elementor-element-f2716f7 elementor-align-center elementor-widget elementor-widget-button\" data-id=\"f2716f7\" data-element_type=\"widget\" data-e-type=\"widget\" data-widget_type=\"button.default\">\n\t\t\t\t<div class=\"elementor-widget-container\">\n\t\t\t\t\t\t\t\t\t<div class=\"elementor-button-wrapper\">\n\t\t\t\t\t<a class=\"elementor-button elementor-button-link elementor-size-sm\" href=\"https:\/\/www.canadahelps.org\/fr\/dn\/1150\">\n\t\t\t\t\t\t<span class=\"elementor-button-content-wrapper\">\n\t\t\t\t\t\t<span class=\"elementor-button-icon\">\n\t\t\t\t<i aria-hidden=\"true\" class=\"fas fa-heart\"><\/i>\t\t\t<\/span>\n\t\t\t\t\t\t\t\t\t<span class=\"elementor-button-text\">FAIRE UN DON<\/span>\n\t\t\t\t\t<\/span>\n\t\t\t\t\t<\/a>\n\t\t\t\t<\/div>\n\t\t\t\t\t\t\t\t<\/div>\n\t\t\t\t<\/div>\n\t\t            <\/div>\n        <\/div>\n                <div class=\"elementor-column elementor-col-50 elementor-inner-column elementor-element elementor-element-2894bb1\" data-id=\"2894bb1\" data-element_type=\"column\" data-e-type=\"column\">\n        <div class=\"elementor-widget-wrap elementor-element-populated\">\n                    \n        \t\t<div class=\"elementor-element elementor-element-5050371 elementor-widget elementor-widget-text-editor\" data-id=\"5050371\" data-element_type=\"widget\" data-e-type=\"widget\" data-widget_type=\"text-editor.default\">\n\t\t\t\t<div class=\"elementor-widget-container\">\n\t\t\t\t\t\t\t\t\t<h5 class=\"sc_item_title sc_title_title sc_align_center sc_item_title_style_default sc_item_title_tag\" style=\"text-align: center;\"><span style=\"color: #ffffff;\">DES SOINS DE SANT\u00c9 DE BASE \u00c0 LA MESURE DES MEILLEURES PRATIQUES<\/span><\/h5>\t\t\t\t\t\t\t\t<\/div>\n\t\t\t\t<\/div>\n\t\t\t\t<div class=\"elementor-element elementor-element-6615e63 elementor-align-center elementor-widget elementor-widget-button\" data-id=\"6615e63\" data-element_type=\"widget\" data-e-type=\"widget\" data-widget_type=\"button.default\">\n\t\t\t\t<div class=\"elementor-widget-container\">\n\t\t\t\t\t\t\t\t\t<div class=\"elementor-button-wrapper\">\n\t\t\t\t\t<a class=\"elementor-button elementor-button-link elementor-size-sm\" href=\"https:\/\/senegalsantemobile.org\/devenir-volontaire\/\">\n\t\t\t\t\t\t<span class=\"elementor-button-content-wrapper\">\n\t\t\t\t\t\t<span class=\"elementor-button-icon\">\n\t\t\t\t<i aria-hidden=\"true\" class=\"fas fa-people-carry\"><\/i>\t\t\t<\/span>\n\t\t\t\t\t\t\t\t\t<span class=\"elementor-button-text\">DEVENIR VOLONTAIRE<\/span>\n\t\t\t\t\t<\/span>\n\t\t\t\t\t<\/a>\n\t\t\t\t<\/div>\n\t\t\t\t\t\t\t\t<\/div>\n\t\t\t\t<\/div>\n\t\t            <\/div>\n        <\/div>\n                    <\/div>\n        <\/section>\n                    <\/div>\n        <\/div>\n                    <\/div>\n        <\/section>\n        \t\t<\/div>\n\t\t","protected":false},"excerpt":{"rendered":"<p>DON D&rsquo;AMBULANCES TRICYCLES \u00c9QUIP\u00c9ES D&rsquo;UN SYST\u00c8ME DE CONCENTRATEUR D&rsquo;OXYG\u00c8NE : AVRIL 2024 UN DON \u00c0 LA FONDATION, C\u2019EST UN INVESTISSEMENT POUR L\u2019AVENIR! FAIRE UN DON DES SOINS DE SANT\u00c9 DE BASE \u00c0 LA MESURE DES MEILLEURES PRATIQUES DEVENIR VOLONTAIRE<\/p>\n","protected":false},"author":1,"featured_media":0,"parent":0,"menu_order":0,"comment_status":"closed","ping_status":"closed","template":"","meta":{"footnotes":""},"class_list":["post-8418","page","type-page","status-publish","hentry"],"yoast_head":"<!-- This site is optimized with the Yoast SEO plugin v27.4 - https:\/\/yoast.com\/product\/yoast-seo-wordpress\/ -->\n<title>Ev\u00e8nements - S\u00e9n\u00e9gal Sant\u00e9 Mobile \ufe31Des Soins Mobiles pour un S\u00e9n\u00e9gal en Meilleure Sant\u00e9<\/title>\n<meta name=\"robots\" content=\"index, follow, max-snippet:-1, max-image-preview:large, max-video-preview:-1\" \/>\n<link rel=\"canonical\" href=\"https:\/\/senegalsantemobile.org\/events\/\" \/>\n<meta property=\"og:locale\" content=\"fr_FR\" \/>\n<meta property=\"og:type\" content=\"article\" \/>\n<meta property=\"og:title\" content=\"Ev\u00e8nements - S\u00e9n\u00e9gal Sant\u00e9 Mobile \ufe31Des Soins Mobiles pour un S\u00e9n\u00e9gal en Meilleure Sant\u00e9\" \/>\n<meta property=\"og:description\" content=\"DON D&rsquo;AMBULANCES TRICYCLES \u00c9QUIP\u00c9ES D&rsquo;UN SYST\u00c8ME DE CONCENTRATEUR D&rsquo;OXYG\u00c8NE : AVRIL 2024 UN DON \u00c0 LA FONDATION, C\u2019EST UN INVESTISSEMENT POUR L\u2019AVENIR! FAIRE UN DON DES SOINS DE SANT\u00c9 DE BASE \u00c0 LA MESURE DES MEILLEURES PRATIQUES DEVENIR VOLONTAIRE\" \/>\n<meta property=\"og:url\" content=\"https:\/\/senegalsantemobile.org\/events\/\" \/>\n<meta property=\"og:site_name\" content=\"S\u00e9n\u00e9gal Sant\u00e9 Mobile \ufe31Des Soins Mobiles pour un S\u00e9n\u00e9gal en Meilleure Sant\u00e9\" \/>\n<meta property=\"article:modified_time\" content=\"2024-06-07T15:06:48+00:00\" \/>\n<meta property=\"og:image\" content=\"https:\/\/senegalsantemobile.org\/wp-content\/uploads\/2024\/06\/thuesday-giving-1024x1024.jpg\" \/>\n<meta name=\"twitter:card\" content=\"summary_large_image\" \/>\n<script type=\"application\/ld+json\" class=\"yoast-schema-graph\">{\"@context\":\"https:\\\/\\\/schema.org\",\"@graph\":[{\"@type\":\"WebPage\",\"@id\":\"https:\\\/\\\/senegalsantemobile.org\\\/events\\\/\",\"url\":\"https:\\\/\\\/senegalsantemobile.org\\\/events\\\/\",\"name\":\"Ev\u00e8nements - S\u00e9n\u00e9gal Sant\u00e9 Mobile \ufe31Des Soins Mobiles pour un S\u00e9n\u00e9gal en Meilleure Sant\u00e9\",\"isPartOf\":{\"@id\":\"https:\\\/\\\/senegalsantemobile.org\\\/#website\"},\"primaryImageOfPage\":{\"@id\":\"https:\\\/\\\/senegalsantemobile.org\\\/events\\\/#primaryimage\"},\"image\":{\"@id\":\"https:\\\/\\\/senegalsantemobile.org\\\/events\\\/#primaryimage\"},\"thumbnailUrl\":\"https:\\\/\\\/senegalsantemobile.org\\\/wp-content\\\/uploads\\\/2024\\\/06\\\/thuesday-giving-1024x1024.jpg\",\"datePublished\":\"2024-06-07T15:04:41+00:00\",\"dateModified\":\"2024-06-07T15:06:48+00:00\",\"breadcrumb\":{\"@id\":\"https:\\\/\\\/senegalsantemobile.org\\\/events\\\/#breadcrumb\"},\"inLanguage\":\"fr-FR\",\"potentialAction\":[{\"@type\":\"ReadAction\",\"target\":[\"https:\\\/\\\/senegalsantemobile.org\\\/events\\\/\"]}]},{\"@type\":\"ImageObject\",\"inLanguage\":\"fr-FR\",\"@id\":\"https:\\\/\\\/senegalsantemobile.org\\\/events\\\/#primaryimage\",\"url\":\"https:\\\/\\\/senegalsantemobile.org\\\/wp-content\\\/uploads\\\/2024\\\/06\\\/thuesday-giving-1024x1024.jpg\",\"contentUrl\":\"https:\\\/\\\/senegalsantemobile.org\\\/wp-content\\\/uploads\\\/2024\\\/06\\\/thuesday-giving-1024x1024.jpg\"},{\"@type\":\"BreadcrumbList\",\"@id\":\"https:\\\/\\\/senegalsantemobile.org\\\/events\\\/#breadcrumb\",\"itemListElement\":[{\"@type\":\"ListItem\",\"position\":1,\"name\":\"Home\",\"item\":\"https:\\\/\\\/senegalsantemobile.org\\\/\"},{\"@type\":\"ListItem\",\"position\":2,\"name\":\"Ev\u00e8nements\"}]},{\"@type\":\"WebSite\",\"@id\":\"https:\\\/\\\/senegalsantemobile.org\\\/#website\",\"url\":\"https:\\\/\\\/senegalsantemobile.org\\\/\",\"name\":\"S\u00e9n\u00e9gal Sant\u00e9 Mobile \ufe31Des Soins Mobiles pour un S\u00e9n\u00e9gal en Meilleure Sant\u00e9\",\"description\":\"\u00c0 Chaque Coin du S\u00e9n\u00e9gal, La Sant\u00e9 \u00e0 Port\u00e9e de Main\",\"publisher\":{\"@id\":\"https:\\\/\\\/senegalsantemobile.org\\\/#organization\"},\"potentialAction\":[{\"@type\":\"SearchAction\",\"target\":{\"@type\":\"EntryPoint\",\"urlTemplate\":\"https:\\\/\\\/senegalsantemobile.org\\\/?s={search_term_string}\"},\"query-input\":{\"@type\":\"PropertyValueSpecification\",\"valueRequired\":true,\"valueName\":\"search_term_string\"}}],\"inLanguage\":\"fr-FR\"},{\"@type\":\"Organization\",\"@id\":\"https:\\\/\\\/senegalsantemobile.org\\\/#organization\",\"name\":\"S\u00e9n\u00e9gal Sant\u00e9 Mobile \ufe31Des Soins Mobiles pour un S\u00e9n\u00e9gal en Meilleure Sant\u00e9\",\"url\":\"https:\\\/\\\/senegalsantemobile.org\\\/\",\"logo\":{\"@type\":\"ImageObject\",\"inLanguage\":\"fr-FR\",\"@id\":\"https:\\\/\\\/senegalsantemobile.org\\\/#\\\/schema\\\/logo\\\/image\\\/\",\"url\":\"https:\\\/\\\/senegalsantemobile.org\\\/wp-content\\\/uploads\\\/2020\\\/08\\\/logo-sq-1.png\",\"contentUrl\":\"https:\\\/\\\/senegalsantemobile.org\\\/wp-content\\\/uploads\\\/2020\\\/08\\\/logo-sq-1.png\",\"width\":500,\"height\":500,\"caption\":\"S\u00e9n\u00e9gal Sant\u00e9 Mobile \ufe31Des Soins Mobiles pour un S\u00e9n\u00e9gal en Meilleure Sant\u00e9\"},\"image\":{\"@id\":\"https:\\\/\\\/senegalsantemobile.org\\\/#\\\/schema\\\/logo\\\/image\\\/\"}}]}<\/script>\n<!-- \/ Yoast SEO plugin. -->","yoast_head_json":{"title":"Ev\u00e8nements - S\u00e9n\u00e9gal Sant\u00e9 Mobile \ufe31Des Soins Mobiles pour un S\u00e9n\u00e9gal en Meilleure Sant\u00e9","robots":{"index":"index","follow":"follow","max-snippet":"max-snippet:-1","max-image-preview":"max-image-preview:large","max-video-preview":"max-video-preview:-1"},"canonical":"https:\/\/senegalsantemobile.org\/events\/","og_locale":"fr_FR","og_type":"article","og_title":"Ev\u00e8nements - S\u00e9n\u00e9gal Sant\u00e9 Mobile \ufe31Des Soins Mobiles pour un S\u00e9n\u00e9gal en Meilleure Sant\u00e9","og_description":"DON D&rsquo;AMBULANCES TRICYCLES \u00c9QUIP\u00c9ES D&rsquo;UN SYST\u00c8ME DE CONCENTRATEUR D&rsquo;OXYG\u00c8NE : AVRIL 2024 UN DON \u00c0 LA FONDATION, C\u2019EST UN INVESTISSEMENT POUR L\u2019AVENIR! FAIRE UN DON DES SOINS DE SANT\u00c9 DE BASE \u00c0 LA MESURE DES MEILLEURES PRATIQUES DEVENIR VOLONTAIRE","og_url":"https:\/\/senegalsantemobile.org\/events\/","og_site_name":"S\u00e9n\u00e9gal Sant\u00e9 Mobile \ufe31Des Soins Mobiles pour un S\u00e9n\u00e9gal en Meilleure Sant\u00e9","article_modified_time":"2024-06-07T15:06:48+00:00","og_image":[{"url":"https:\/\/senegalsantemobile.org\/wp-content\/uploads\/2024\/06\/thuesday-giving-1024x1024.jpg","type":"","width":"","height":""}],"twitter_card":"summary_large_image","schema":{"@context":"https:\/\/schema.org","@graph":[{"@type":"WebPage","@id":"https:\/\/senegalsantemobile.org\/events\/","url":"https:\/\/senegalsantemobile.org\/events\/","name":"Ev\u00e8nements - S\u00e9n\u00e9gal Sant\u00e9 Mobile \ufe31Des Soins Mobiles pour un S\u00e9n\u00e9gal en Meilleure Sant\u00e9","isPartOf":{"@id":"https:\/\/senegalsantemobile.org\/#website"},"primaryImageOfPage":{"@id":"https:\/\/senegalsantemobile.org\/events\/#primaryimage"},"image":{"@id":"https:\/\/senegalsantemobile.org\/events\/#primaryimage"},"thumbnailUrl":"https:\/\/senegalsantemobile.org\/wp-content\/uploads\/2024\/06\/thuesday-giving-1024x1024.jpg","datePublished":"2024-06-07T15:04:41+00:00","dateModified":"2024-06-07T15:06:48+00:00","breadcrumb":{"@id":"https:\/\/senegalsantemobile.org\/events\/#breadcrumb"},"inLanguage":"fr-FR","potentialAction":[{"@type":"ReadAction","target":["https:\/\/senegalsantemobile.org\/events\/"]}]},{"@type":"ImageObject","inLanguage":"fr-FR","@id":"https:\/\/senegalsantemobile.org\/events\/#primaryimage","url":"https:\/\/senegalsantemobile.org\/wp-content\/uploads\/2024\/06\/thuesday-giving-1024x1024.jpg","contentUrl":"https:\/\/senegalsantemobile.org\/wp-content\/uploads\/2024\/06\/thuesday-giving-1024x1024.jpg"},{"@type":"BreadcrumbList","@id":"https:\/\/senegalsantemobile.org\/events\/#breadcrumb","itemListElement":[{"@type":"ListItem","position":1,"name":"Home","item":"https:\/\/senegalsantemobile.org\/"},{"@type":"ListItem","position":2,"name":"Ev\u00e8nements"}]},{"@type":"WebSite","@id":"https:\/\/senegalsantemobile.org\/#website","url":"https:\/\/senegalsantemobile.org\/","name":"S\u00e9n\u00e9gal Sant\u00e9 Mobile \ufe31Des Soins Mobiles pour un S\u00e9n\u00e9gal en Meilleure Sant\u00e9","description":"\u00c0 Chaque Coin du S\u00e9n\u00e9gal, La Sant\u00e9 \u00e0 Port\u00e9e de Main","publisher":{"@id":"https:\/\/senegalsantemobile.org\/#organization"},"potentialAction":[{"@type":"SearchAction","target":{"@type":"EntryPoint","urlTemplate":"https:\/\/senegalsantemobile.org\/?s={search_term_string}"},"query-input":{"@type":"PropertyValueSpecification","valueRequired":true,"valueName":"search_term_string"}}],"inLanguage":"fr-FR"},{"@type":"Organization","@id":"https:\/\/senegalsantemobile.org\/#organization","name":"S\u00e9n\u00e9gal Sant\u00e9 Mobile \ufe31Des Soins Mobiles pour un S\u00e9n\u00e9gal en Meilleure Sant\u00e9","url":"https:\/\/senegalsantemobile.org\/","logo":{"@type":"ImageObject","inLanguage":"fr-FR","@id":"https:\/\/senegalsantemobile.org\/#\/schema\/logo\/image\/","url":"https:\/\/senegalsantemobile.org\/wp-content\/uploads\/2020\/08\/logo-sq-1.png","contentUrl":"https:\/\/senegalsantemobile.org\/wp-content\/uploads\/2020\/08\/logo-sq-1.png","width":500,"height":500,"caption":"S\u00e9n\u00e9gal Sant\u00e9 Mobile \ufe31Des Soins Mobiles pour un S\u00e9n\u00e9gal en Meilleure Sant\u00e9"},"image":{"@id":"https:\/\/senegalsantemobile.org\/#\/schema\/logo\/image\/"}}]}},"_links":{"self":[{"href":"https:\/\/senegalsantemobile.org\/fr\/wp-json\/wp\/v2\/pages\/8418","targetHints":{"allow":["GET"]}}],"collection":[{"href":"https:\/\/senegalsantemobile.org\/fr\/wp-json\/wp\/v2\/pages"}],"about":[{"href":"https:\/\/senegalsantemobile.org\/fr\/wp-json\/wp\/v2\/types\/page"}],"author":[{"embeddable":true,"href":"https:\/\/senegalsantemobile.org\/fr\/wp-json\/wp\/v2\/users\/1"}],"replies":[{"embeddable":true,"href":"https:\/\/senegalsantemobile.org\/fr\/wp-json\/wp\/v2\/comments?post=8418"}],"version-history":[{"count":5,"href":"https:\/\/senegalsantemobile.org\/fr\/wp-json\/wp\/v2\/pages\/8418\/revisions"}],"predecessor-version":[{"id":8425,"href":"https:\/\/senegalsantemobile.org\/fr\/wp-json\/wp\/v2\/pages\/8418\/revisions\/8425"}],"wp:attachment":[{"href":"https:\/\/senegalsantemobile.org\/fr\/wp-json\/wp\/v2\/media?parent=8418"}],"curies":[{"name":"wp","href":"https:\/\/api.w.org\/{rel}","templated":true}]}}